{"id":13939,"date":"2023-12-13T14:23:40","date_gmt":"2023-12-13T14:23:40","guid":{"rendered":"https:\/\/test.isla-web.es\/?page_id=13939"},"modified":"2023-12-13T15:01:12","modified_gmt":"2023-12-13T15:01:12","slug":"nosotras","status":"publish","type":"page","link":"https:\/\/test.isla-web.es\/en\/nosotras","title":{"rendered":"About us"},"content":{"rendered":"<div data-elementor-type=\"wp-page\" data-elementor-id=\"13939\" class=\"elementor elementor-13939\">\n\t\t\t\t\t\t\t\t\t<section class=\"elementor-section elementor-top-section elementor-element elementor-element-7041b086 elementor-section-full_width elementor-section-height-default elementor-section-height-default qodef-backgound-letter-holder-no qodef-elementor-content-no\" data-id=\"7041b086\" data-element_type=\"section\">\n\t\t\t\t\t\t<div class=\"elementor-container elementor-column-gap-default\">\n\t\t\t\t\t<div class=\"elementor-column elementor-col-50 elementor-top-column elementor-element elementor-element-79f94bab\" data-id=\"79f94bab\" data-element_type=\"column\">\n\t\t\t<div class=\"elementor-widget-wrap elementor-element-populated\">\n\t\t\t\t\t\t\t\t<div class=\"elementor-element elementor-element-18125912 elementor-widget elementor-widget-laurits_core_section_title\" data-id=\"18125912\" data-element_type=\"widget\" data-widget_type=\"laurits_core_section_title.default\">\n\t\t\t\t<div class=\"elementor-widget-container\">\n\t\t\t<div class=\"qodef-shortcode qodef-m  qodef-section-title qodef-alignment--left  qodef-appear-animation--yes\">\n\t\t<span class=\"qodef-m-tagline\" >About us<\/span>\n\t\t\t\t<div class=\"qodef-m-button\">\n\t\t\t<\/div>\n<\/div>\n\t\t<\/div>\n\t\t\t\t<\/div>\n\t\t\t\t<div class=\"elementor-element elementor-element-3ab54c21 elementor-widget__width-initial elementor-widget elementor-widget-laurits_core_custom_font\" data-id=\"3ab54c21\" data-element_type=\"widget\" data-widget_type=\"laurits_core_custom_font.default\">\n\t\t\t\t<div class=\"elementor-widget-container\">\n\t\t\t<h2 class=\"qodef-shortcode qodef-m  qodef-custom-font qodef-custom-font-46 qodef-layout--simple qodef-break-title qodef-appear-animation--yes\" style=\"color: #000000;text-align: left;font-size: 79px;line-height: 87px;font-weight: 500\" data-appearing-delay=\"240\"><span class=\"qodef-m-title-part\">Ideology of sustainability<\/span><br \/><span class=\"qodef-m-title-part\"> &amp; laboratory of art<\/span><\/h2>\n\t\t<\/div>\n\t\t\t\t<\/div>\n\t\t\t\t\t<\/div>\n\t\t<\/div>\n\t\t\t\t<div class=\"elementor-column elementor-col-50 elementor-top-column elementor-element elementor-element-fd99db7\" data-id=\"fd99db7\" data-element_type=\"column\">\n\t\t\t<div class=\"elementor-widget-wrap elementor-element-populated\">\n\t\t\t\t\t\t\t\t<div class=\"elementor-element elementor-element-3b9e67ae elementor-widget elementor-widget-laurits_core_social_links\" data-id=\"3b9e67ae\" data-element_type=\"widget\" data-widget_type=\"laurits_core_social_links.default\">\n\t\t\t\t<div class=\"elementor-widget-container\">\n\t\t\t<div class=\"qodef-shortcode qodef-m  qodef-social-links qodef-items-direction--vertical qodef-items-underline qodef-items-align--right qodef-appear-animation--yes\" data-appearing-delay=\"180\">\n\t<div class=\"qodef-m-items\">\n\t\t<div class=\"qodef-m-item qodef-e\" >\n\t\t\t<a itemprop=\"url\" href=\"https:\/\/www.instagram.com\/isla_redes\/\" target=\"_blank\">\n\t\t<span class=\"qodef-e-text\" >Instagram<\/span>\n\t\t\t<\/a>\n\t<\/div>\n<div class=\"qodef-m-item qodef-e\" >\n\t\t\t<a itemprop=\"url\" href=\"https:\/\/vimeo.com\/islaidearioylaboratorio\" target=\"_blank\">\n\t\t<span class=\"qodef-e-text\" >Vimeo<\/span>\n\t\t\t<\/a>\n\t<\/div>\n\t<\/div>\n<\/div>\n\t\t<\/div>\n\t\t\t\t<\/div>\n\t\t\t\t\t<\/div>\n\t\t<\/div>\n\t\t\t\t\t\t\t<\/div>\n\t\t<\/section>\n\t\t\t\t<section class=\"elementor-section elementor-top-section elementor-element elementor-element-14cc3c92 elementor-section-full_width elementor-section-height-default elementor-section-height-default qodef-backgound-letter-holder-no qodef-elementor-content-no\" data-id=\"14cc3c92\" data-element_type=\"section\">\n\t\t\t\t\t\t<div class=\"elementor-container elementor-column-gap-default\">\n\t\t\t\t\t<div class=\"elementor-column elementor-col-100 elementor-top-column elementor-element elementor-element-6f505832\" data-id=\"6f505832\" data-element_type=\"column\">\n\t\t\t<div class=\"elementor-widget-wrap elementor-element-populated\">\n\t\t\t\t\t\t\t\t<div class=\"elementor-element elementor-element-47b1c630 elementor-widget elementor-widget-laurits_core_single_image\" data-id=\"47b1c630\" data-element_type=\"widget\" data-widget_type=\"laurits_core_single_image.default\">\n\t\t\t\t<div class=\"elementor-widget-container\">\n\t\t\t<div class=\"qodef-shortcode qodef-m  qodef-single-image qodef-single-image-428 qodef-layout--default  qodef-appear-animation--yes qodef-zoom-scroll-animation--no\" data-appearing-delay=\"480\">\n\t<div class=\"qodef-m-image\">\n\t\t\t\t\t<img fetchpriority=\"high\" decoding=\"async\" width=\"1920\" height=\"962\" src=\"https:\/\/test.isla-web.es\/wp-content\/uploads\/2023\/12\/ilustracion-mapa.jpg\" class=\"attachment-full size-full\" alt=\"\" srcset=\"https:\/\/test.isla-web.es\/wp-content\/uploads\/2023\/12\/ilustracion-mapa.jpg 1920w, https:\/\/test.isla-web.es\/wp-content\/uploads\/2023\/12\/ilustracion-mapa-300x150.jpg 300w, https:\/\/test.isla-web.es\/wp-content\/uploads\/2023\/12\/ilustracion-mapa-1024x513.jpg 1024w, https:\/\/test.isla-web.es\/wp-content\/uploads\/2023\/12\/ilustracion-mapa-768x385.jpg 768w, https:\/\/test.isla-web.es\/wp-content\/uploads\/2023\/12\/ilustracion-mapa-1536x770.jpg 1536w, https:\/\/test.isla-web.es\/wp-content\/uploads\/2023\/12\/ilustracion-mapa-18x9.jpg 18w, https:\/\/test.isla-web.es\/wp-content\/uploads\/2023\/12\/ilustracion-mapa-1300x650.jpg 1300w\" sizes=\"(max-width: 1920px) 100vw, 1920px\" \/>\t\t\t<\/div>\n<\/div>\n\t\t<\/div>\n\t\t\t\t<\/div>\n\t\t\t\t\t<\/div>\n\t\t<\/div>\n\t\t\t\t\t\t\t<\/div>\n\t\t<\/section>\n\t\t\t\t<section class=\"elementor-section elementor-top-section elementor-element elementor-element-2fdee76c elementor-section-full_width elementor-section-height-default elementor-section-height-default qodef-backgound-letter-holder-no qodef-elementor-content-no\" data-id=\"2fdee76c\" data-element_type=\"section\">\n\t\t\t\t\t\t<div class=\"elementor-container elementor-column-gap-default\">\n\t\t\t\t\t<div class=\"elementor-column elementor-col-100 elementor-top-column elementor-element elementor-element-76fd2ffa\" data-id=\"76fd2ffa\" data-element_type=\"column\">\n\t\t\t<div class=\"elementor-widget-wrap elementor-element-populated\">\n\t\t\t\t\t\t\t\t<div class=\"elementor-element elementor-element-361275dd elementor-widget-mobile__width-initial elementor-widget elementor-widget-text-editor\" data-id=\"361275dd\" data-element_type=\"widget\" data-widget_type=\"text-editor.default\">\n\t\t\t\t<div class=\"elementor-widget-container\">\n\t\t\t<style>\/*! elementor - v3.18.0 - 08-12-2023 *\/\n.elementor-widget-text-editor.elementor-drop-cap-view-stacked .elementor-drop-cap{background-color:#69727d;color:#fff}.elementor-widget-text-editor.elementor-drop-cap-view-framed .elementor-drop-cap{color:#69727d;border:3px solid;background-color:transparent}.elementor-widget-text-editor:not(.elementor-drop-cap-view-default) .elementor-drop-cap{margin-top:8px}.elementor-widget-text-editor:not(.elementor-drop-cap-view-default) .elementor-drop-cap-letter{width:1em;height:1em}.elementor-widget-text-editor .elementor-drop-cap{float:left;text-align:center;line-height:1;font-size:50px}.elementor-widget-text-editor .elementor-drop-cap-letter{display:inline-block}<\/style>\t\t\t\t<p>Our place in Robledo de Chavela<\/p>\t\t\t\t\t\t<\/div>\n\t\t\t\t<\/div>\n\t\t\t\t\t<\/div>\n\t\t<\/div>\n\t\t\t\t\t\t\t<\/div>\n\t\t<\/section>\n\t\t\t\t<section class=\"elementor-section elementor-top-section elementor-element elementor-element-2b499eae elementor-section-full_width elementor-section-height-default elementor-section-height-default qodef-backgound-letter-holder-no qodef-elementor-content-no\" data-id=\"2b499eae\" data-element_type=\"section\">\n\t\t\t\t\t\t<div class=\"elementor-container elementor-column-gap-default\">\n\t\t\t\t\t<div class=\"elementor-column elementor-col-100 elementor-top-column elementor-element elementor-element-48a35706\" data-id=\"48a35706\" data-element_type=\"column\">\n\t\t\t<div class=\"elementor-widget-wrap elementor-element-populated\">\n\t\t\t\t\t\t\t\t<div class=\"elementor-element elementor-element-11316e60 elementor-widget__width-initial elementor-widget elementor-widget-laurits_core_section_title\" data-id=\"11316e60\" data-element_type=\"widget\" data-widget_type=\"laurits_core_section_title.default\">\n\t\t\t\t<div class=\"elementor-widget-container\">\n\t\t\t<div class=\"qodef-shortcode qodef-m  qodef-section-title qodef-alignment--left  qodef-appear-animation--no\">\n\t\t<span class=\"qodef-m-tagline\" >What we do<\/span>\n\t\t<h2 class=\"qodef-m-title\" style=\"margin-top: 20px\">\n\t\t\t\t\tWe believe in sustainability as a way of thinking and operating\t\t\t<\/h2>\n\t\t\t<div class=\"qodef-m-button\">\n\t\t\t<\/div>\n<\/div>\n\t\t<\/div>\n\t\t\t\t<\/div>\n\t\t\t\t\t<\/div>\n\t\t<\/div>\n\t\t\t\t\t\t\t<\/div>\n\t\t<\/section>\n\t\t\t\t<section class=\"elementor-section elementor-top-section elementor-element elementor-element-a74f119 elementor-section-full_width elementor-section-height-default elementor-section-height-default qodef-backgound-letter-holder-no qodef-elementor-content-no\" data-id=\"a74f119\" data-element_type=\"section\">\n\t\t\t\t\t\t<div class=\"elementor-container elementor-column-gap-default\">\n\t\t\t\t\t<div class=\"elementor-column elementor-col-100 elementor-top-column elementor-element elementor-element-51a910ef\" data-id=\"51a910ef\" data-element_type=\"column\">\n\t\t\t<div class=\"elementor-widget-wrap elementor-element-populated\">\n\t\t\t\t\t\t\t\t<div class=\"elementor-element elementor-element-4fb9f56c elementor-widget elementor-widget-text-editor\" data-id=\"4fb9f56c\" data-element_type=\"widget\" data-widget_type=\"text-editor.default\">\n\t\t\t\t<div class=\"elementor-widget-container\">\n\t\t\t\t\t\t\t<p>ISLA is configured as a space of thought and praxis, as a think-and-action tank for research, development and experimentation of ideas in the intersection between ecology and art. We believe in the sustainability as a way of thinking and operating, and the crucial role of the visual arts to\nceate, speculate and fabulate about new possibilities and alternatives to face the climatic and ecologic emergency.<\/p><p>\u00a0<\/p><p>ISLA seeks to develop work lines in the construction of the common through strategic alliances and networks at the local, national and international levels. The epicenter of the project is placed in\nRobledo de Chavela, a periferic area that will gradually be tranformed into a space of artistic experiences and proposals with which we will address issues suchs as food sovereignty, water protection, climate action, biodiversity preservation, pollution, natural habitat recovery, etc. In order to do so, we consider it fundamental to bring back traditional espistemologies and ancestral biocultural knowledge, with which to articulate imaginative narratives and new stories to generate a real oportunity for change.<\/p><p>\u00a0<\/p><p>In this idyllic envirenment we will develop site-specific projects as well as function as a space for research, exchange and experimentation that can operate from all over the world, creating networks and connections with aligned approaches.<\/p><p>\u00a0<\/p><p>ISLA will also work as a place that generate synergies and transversal and multidisciplinary kmowledge. To this end, we will propose the development of a program with visual artists from the\nlocal, national and international context in collaboration with scientists, farmers, musicians, arquitects, dance, or literature. Bearing in mind the principles of degrowht and moving away from the productivist chaos, we will develop proposals base on observation, research, discovering and various approach strategies in order to generate new experiences and sustainable ways of producing and experiencig non-profit culture.<\/p><p>\u00a0<\/p><p>It will also have a digital alter ego, which will connect our Isla in Robledo de Chavela with others located in differents parts of the planet, creating a network of projects in line with the objectives and mission of ISLA.<\/p><p>\u00a0<\/p><p>We are generating a decalogue of sustainability for ISLA in which will include a series of specific guidelines to take care of the ecological footprint of the whole project over its entire life cycle and all\nthe experiences that are part of it.<\/p><p>\u00a0<\/p><p>The ISLA project will be present on Saturday September 30 through an experiential trip to our land in Robledo de Chavela, a meeting where we will open our dors with specific visual actions and celebrate with a picnic the beginning of this initiative whose procesual approach will be built day by day.<\/p>\t\t\t\t\t\t<\/div>\n\t\t\t\t<\/div>\n\t\t\t\t\t<\/div>\n\t\t<\/div>\n\t\t\t\t\t\t\t<\/div>\n\t\t<\/section>\n\t\t\t\t<section class=\"elementor-section elementor-top-section elementor-element elementor-element-69757b24 elementor-section-full_width elementor-section-height-default elementor-section-height-default qodef-backgound-letter-holder-no qodef-elementor-content-no\" data-id=\"69757b24\" data-element_type=\"section\" data-settings=\"{&quot;background_background&quot;:&quot;classic&quot;}\">\n\t\t\t\t\t\t<div class=\"elementor-container elementor-column-gap-default\">\n\t\t\t\t\t<div class=\"elementor-column elementor-col-100 elementor-top-column elementor-element elementor-element-624baf28\" data-id=\"624baf28\" data-element_type=\"column\" data-settings=\"{&quot;background_background&quot;:&quot;classic&quot;}\">\n\t\t\t<div class=\"elementor-widget-wrap elementor-element-populated\">\n\t\t\t\t\t\t\t\t<div class=\"elementor-element elementor-element-9a06fa1 elementor-widget elementor-widget-laurits_core_portfolio_list\" data-id=\"9a06fa1\" data-element_type=\"widget\" data-widget_type=\"laurits_core_portfolio_list.default\">\n\t\t\t\t<div class=\"elementor-widget-container\">\n\t\t\t<div class=\"qodef-shortcode qodef-m  qodef-portfolio-list qodef-item-layout--info-below qodef-item-border--no  qodef-side-border--on qodef--custom-padding qodef-appear-animation--yes   qodef-grid qodef-layout--masonry  qodef-gutter--normal qodef-col-num--3 qodef-item-layout--info-below qodef--no-bottom-space qodef-pagination--off qodef-responsive--custom qodef-col-num--1440--3 qodef-col-num--1366--3 qodef-col-num--1024--3 qodef-col-num--768--3 qodef-col-num--680--1 qodef-col-num--480--1 qodef-hover-animation--zoom-out\" data-options=\"{&quot;plugin&quot;:&quot;laurits_core&quot;,&quot;module&quot;:&quot;post-types\\\/portfolio\\\/shortcodes&quot;,&quot;shortcode&quot;:&quot;portfolio-list&quot;,&quot;post_type&quot;:&quot;portfolio-item&quot;,&quot;next_page&quot;:&quot;2&quot;,&quot;max_pages_num&quot;:1,&quot;behavior&quot;:&quot;masonry&quot;,&quot;columns&quot;:&quot;3&quot;,&quot;columns_responsive&quot;:&quot;custom&quot;,&quot;columns_1440&quot;:&quot;3&quot;,&quot;columns_1366&quot;:&quot;3&quot;,&quot;columns_1024&quot;:&quot;3&quot;,&quot;columns_768&quot;:&quot;3&quot;,&quot;columns_680&quot;:&quot;1&quot;,&quot;columns_480&quot;:&quot;1&quot;,&quot;space&quot;:&quot;normal&quot;,&quot;display_tag_line&quot;:&quot;no&quot;,&quot;display_letter&quot;:&quot;no&quot;,&quot;display_item_border&quot;:&quot;no&quot;,&quot;remove_side_borders&quot;:&quot;no&quot;,&quot;display_show_more&quot;:&quot;no&quot;,&quot;posts_per_page&quot;:&quot;6&quot;,&quot;orderby&quot;:&quot;date&quot;,&quot;order&quot;:&quot;ASC&quot;,&quot;additional_params&quot;:&quot;tax&quot;,&quot;tax&quot;:&quot;portfolio-tag&quot;,&quot;tax_slug&quot;:&quot;Team&quot;,&quot;layout&quot;:&quot;info-below&quot;,&quot;hover_animation_info-below&quot;:&quot;zoom-out&quot;,&quot;hover_animation_info-follow&quot;:&quot;follow&quot;,&quot;hover_animation_info-on-hover&quot;:&quot;fade-in&quot;,&quot;title_tag&quot;:&quot;h4&quot;,&quot;custom_padding&quot;:&quot;yes&quot;,&quot;items_appear_animation&quot;:&quot;yes&quot;,&quot;appear_animation_delay&quot;:&quot;600&quot;,&quot;pagination_type&quot;:&quot;no-pagination&quot;,&quot;info_below_display_info&quot;:&quot;yes&quot;,&quot;object_class_name&quot;:&quot;LauritsCore_Portfolio_List_Shortcode&quot;,&quot;taxonomy_filter&quot;:&quot;portfolio-tag&quot;,&quot;additional_query_args&quot;:{&quot;tax_query&quot;:[{&quot;taxonomy&quot;:&quot;portfolio-tag&quot;,&quot;field&quot;:&quot;slug&quot;,&quot;terms&quot;:&quot;Team&quot;}]},&quot;holder_data&quot;:{&quot;data-appearing-delay&quot;:600},&quot;space_value&quot;:15}\" data-appearing-delay=\"600\">\n\t\t<div class=\"qodef-grid-inner clear\">\n\t\t\t<div class=\"qodef-grid-masonry-sizer\"><\/div>\n\t<div class=\"qodef-grid-masonry-gutter\"><\/div>\n<article class=\"qodef-e qodef-parallax-effect--no qodef-grid-item post-13239 portfolio-item type-portfolio-item status-publish has-post-thumbnail hentry portfolio-tag-team\">\n\t<div class=\"qodef-e-inner\" style=\"padding: 0% 21% 0% 5%\">\n\t\t<div class=\"qodef-e-image\">\n\t\t\t\t<div class=\"qodef-e-media-image\">\n\t\t<a itemprop=\"url\" href=\"https:\/\/test.isla-web.es\/en\/portfolio-item\/blanca-de-la-torre\" target=\"_self\">\n\t\t\t<img decoding=\"async\" width=\"960\" height=\"1020\" src=\"https:\/\/test.isla-web.es\/wp-content\/uploads\/2023\/09\/blanca-de-la-torre.jpg\" class=\"attachment-full size-full wp-post-image\" alt=\"Isla - Blanca de la Torre\" srcset=\"https:\/\/test.isla-web.es\/wp-content\/uploads\/2023\/09\/blanca-de-la-torre.jpg 960w, https:\/\/test.isla-web.es\/wp-content\/uploads\/2023\/09\/blanca-de-la-torre-282x300.jpg 282w, https:\/\/test.isla-web.es\/wp-content\/uploads\/2023\/09\/blanca-de-la-torre-768x816.jpg 768w\" sizes=\"(max-width: 960px) 100vw, 960px\" \/>\t\t<\/a>\n\t<\/div>\n\t\t<\/div>\n\t\t\t\t\t\t\t<div class=\"qodef-e-content\" >\n\t\t\t\t<div class=\"qodef-e-text\">\n\t\t\t\t\t<h4 itemprop=\"name\" class=\"qodef-e-title entry-title\" >\n\t<a itemprop=\"url\" class=\"qodef-e-title-link\" href=\"https:\/\/test.isla-web.es\/en\/portfolio-item\/blanca-de-la-torre\" target=\"_self\">\n\t\tBlanca de la Torre\t<\/a>\n<\/h4>\n\t\t\t\t<\/div>\n\t\t\t\t<div class=\"qodef-e-bottom-holder\">\n\t\t\t\t\t<div class=\"qodef-e-category\">\n\t\t\t\t\t\t\t\t\t\t\t<\/div>\n\t\t\t\t\t<div class=\"qodef-e-client\">\n\t\t\t\t\t\t\t\t\t\t\t<\/div>\n\t\t\t\t<\/div>\n\t\t\t<\/div>\n\t\t\t<\/div>\n<\/article>\n<article class=\"qodef-e qodef-parallax-effect--no qodef-grid-item post-13272 portfolio-item type-portfolio-item status-publish has-post-thumbnail hentry portfolio-tag-team\">\n\t<div class=\"qodef-e-inner\" style=\"padding: 0% 21% 0% 5%\">\n\t\t<div class=\"qodef-e-image\">\n\t\t\t\t<div class=\"qodef-e-media-image\">\n\t\t<a itemprop=\"url\" href=\"https:\/\/test.isla-web.es\/en\/portfolio-item\/lucia-mendoza\" target=\"_self\">\n\t\t\t<img decoding=\"async\" width=\"960\" height=\"1020\" src=\"https:\/\/test.isla-web.es\/wp-content\/uploads\/2023\/09\/lucia-mendoza.jpg\" class=\"attachment-full size-full wp-post-image\" alt=\"Isla - Luc\u00eda Mendoza\" srcset=\"https:\/\/test.isla-web.es\/wp-content\/uploads\/2023\/09\/lucia-mendoza.jpg 960w, https:\/\/test.isla-web.es\/wp-content\/uploads\/2023\/09\/lucia-mendoza-282x300.jpg 282w, https:\/\/test.isla-web.es\/wp-content\/uploads\/2023\/09\/lucia-mendoza-768x816.jpg 768w\" sizes=\"(max-width: 960px) 100vw, 960px\" \/>\t\t<\/a>\n\t<\/div>\n\t\t<\/div>\n\t\t\t\t\t\t\t<div class=\"qodef-e-content\" >\n\t\t\t\t<div class=\"qodef-e-text\">\n\t\t\t\t\t<h4 itemprop=\"name\" class=\"qodef-e-title entry-title\" >\n\t<a itemprop=\"url\" class=\"qodef-e-title-link\" href=\"https:\/\/test.isla-web.es\/en\/portfolio-item\/lucia-mendoza\" target=\"_self\">\n\t\tLuc\u00eda Mendoza\t<\/a>\n<\/h4>\n\t\t\t\t<\/div>\n\t\t\t\t<div class=\"qodef-e-bottom-holder\">\n\t\t\t\t\t<div class=\"qodef-e-category\">\n\t\t\t\t\t\t\t\t\t\t\t<\/div>\n\t\t\t\t\t<div class=\"qodef-e-client\">\n\t\t\t\t\t\t\t\t\t\t\t<\/div>\n\t\t\t\t<\/div>\n\t\t\t<\/div>\n\t\t\t<\/div>\n<\/article>\n<article class=\"qodef-e qodef-parallax-effect--no qodef-grid-item post-13273 portfolio-item type-portfolio-item status-publish has-post-thumbnail hentry portfolio-tag-team\">\n\t<div class=\"qodef-e-inner\" style=\"padding: 0% 21% 0% 5%\">\n\t\t<div class=\"qodef-e-image\">\n\t\t\t\t<div class=\"qodef-e-media-image\">\n\t\t<a itemprop=\"url\" href=\"https:\/\/test.isla-web.es\/en\/portfolio-item\/laura-carro\" target=\"_self\">\n\t\t\t<img loading=\"lazy\" decoding=\"async\" width=\"960\" height=\"1020\" src=\"https:\/\/test.isla-web.es\/wp-content\/uploads\/2023\/09\/laura-carro.jpg\" class=\"attachment-full size-full wp-post-image\" alt=\"Isla - Laura Carro\" srcset=\"https:\/\/test.isla-web.es\/wp-content\/uploads\/2023\/09\/laura-carro.jpg 960w, https:\/\/test.isla-web.es\/wp-content\/uploads\/2023\/09\/laura-carro-282x300.jpg 282w, https:\/\/test.isla-web.es\/wp-content\/uploads\/2023\/09\/laura-carro-768x816.jpg 768w\" sizes=\"(max-width: 960px) 100vw, 960px\" \/>\t\t<\/a>\n\t<\/div>\n\t\t<\/div>\n\t\t\t\t\t\t\t<div class=\"qodef-e-content\" >\n\t\t\t\t<div class=\"qodef-e-text\">\n\t\t\t\t\t<h4 itemprop=\"name\" class=\"qodef-e-title entry-title\" >\n\t<a itemprop=\"url\" class=\"qodef-e-title-link\" href=\"https:\/\/test.isla-web.es\/en\/portfolio-item\/laura-carro\" target=\"_self\">\n\t\tLaura Carro\t<\/a>\n<\/h4>\n\t\t\t\t<\/div>\n\t\t\t\t<div class=\"qodef-e-bottom-holder\">\n\t\t\t\t\t<div class=\"qodef-e-category\">\n\t\t\t\t\t\t\t\t\t\t\t<\/div>\n\t\t\t\t\t<div class=\"qodef-e-client\">\n\t\t\t\t\t\t\t\t\t\t\t<\/div>\n\t\t\t\t<\/div>\n\t\t\t<\/div>\n\t\t\t<\/div>\n<\/article>\n<article class=\"qodef-e qodef-parallax-effect--no qodef-grid-item post-13274 portfolio-item type-portfolio-item status-publish has-post-thumbnail hentry portfolio-tag-team\">\n\t<div class=\"qodef-e-inner\" style=\"padding: 0% 21% 0% 5%\">\n\t\t<div class=\"qodef-e-image\">\n\t\t\t\t<div class=\"qodef-e-media-image\">\n\t\t<a itemprop=\"url\" href=\"https:\/\/test.isla-web.es\/en\/portfolio-item\/ernesto-rey\" target=\"_self\">\n\t\t\t<img loading=\"lazy\" decoding=\"async\" width=\"960\" height=\"1020\" src=\"https:\/\/test.isla-web.es\/wp-content\/uploads\/2023\/09\/ernesto-rey.jpg\" class=\"attachment-full size-full wp-post-image\" alt=\"Isla - Ernesto Rey\" srcset=\"https:\/\/test.isla-web.es\/wp-content\/uploads\/2023\/09\/ernesto-rey.jpg 960w, https:\/\/test.isla-web.es\/wp-content\/uploads\/2023\/09\/ernesto-rey-282x300.jpg 282w, https:\/\/test.isla-web.es\/wp-content\/uploads\/2023\/09\/ernesto-rey-768x816.jpg 768w\" sizes=\"(max-width: 960px) 100vw, 960px\" \/>\t\t<\/a>\n\t<\/div>\n\t\t<\/div>\n\t\t\t\t\t\t\t<div class=\"qodef-e-content\" >\n\t\t\t\t<div class=\"qodef-e-text\">\n\t\t\t\t\t<h4 itemprop=\"name\" class=\"qodef-e-title entry-title\" >\n\t<a itemprop=\"url\" class=\"qodef-e-title-link\" href=\"https:\/\/test.isla-web.es\/en\/portfolio-item\/ernesto-rey\" target=\"_self\">\n\t\tErnesto Rey\t<\/a>\n<\/h4>\n\t\t\t\t<\/div>\n\t\t\t\t<div class=\"qodef-e-bottom-holder\">\n\t\t\t\t\t<div class=\"qodef-e-category\">\n\t\t\t\t\t\t\t\t\t\t\t<\/div>\n\t\t\t\t\t<div class=\"qodef-e-client\">\n\t\t\t\t\t\t\t\t\t\t\t<\/div>\n\t\t\t\t<\/div>\n\t\t\t<\/div>\n\t\t\t<\/div>\n<\/article>\n\t\t\t<\/div>\n\t<\/div>\n\t\t<\/div>\n\t\t\t\t<\/div>\n\t\t\t\t\t<\/div>\n\t\t<\/div>\n\t\t\t\t\t\t\t<\/div>\n\t\t<\/section>\n\t\t\t\t<section class=\"elementor-section elementor-top-section elementor-element elementor-element-6879773f elementor-section-full_width elementor-section-height-default elementor-section-height-default qodef-backgound-letter-holder-no qodef-elementor-content-no\" data-id=\"6879773f\" data-element_type=\"section\">\n\t\t\t\t\t\t<div class=\"elementor-container elementor-column-gap-default\">\n\t\t\t\t\t<div class=\"elementor-column elementor-col-100 elementor-top-column elementor-element elementor-element-5067b8dc\" data-id=\"5067b8dc\" data-element_type=\"column\">\n\t\t\t<div class=\"elementor-widget-wrap elementor-element-populated\">\n\t\t\t\t\t\t\t\t<div class=\"elementor-element elementor-element-1375d6f4 elementor-widget__width-auto elementor-widget elementor-widget-text-editor\" data-id=\"1375d6f4\" data-element_type=\"widget\" data-widget_type=\"text-editor.default\">\n\t\t\t\t<div class=\"elementor-widget-container\">\n\t\t\t\t\t\t\t<h5><a class=\"qodef-underline\" href=\"mailto:hola@isla-web.es\" target=\"_blank\">Get in touch<\/a> with us<\/h5>\t\t\t\t\t\t<\/div>\n\t\t\t\t<\/div>\n\t\t\t\t\t<\/div>\n\t\t<\/div>\n\t\t\t\t\t\t\t<\/div>\n\t\t<\/section>\n\t\t\t\t\t\t\t<\/div>","protected":false},"excerpt":{"rendered":"<p>Nosotras Ideario de sostenibilidad &amp; laboratorio de arte Instagram Vimeo Nuestro terreno de Robledo de Chavela Qu\u00e9 hacemos Creemos en la sostenibilidad como modo de operar y pensar ISLA se configura como un espacio de pensamiento y praxis, como un think-and-action tank para la investigaci\u00f3n, desarrollo y experimentaci\u00f3n de ideas en la intersecci\u00f3n entre la [&hellip;]<\/p>","protected":false},"author":1,"featured_media":0,"parent":0,"menu_order":0,"comment_status":"closed","ping_status":"closed","template":"page-full-width.php","meta":{"footnotes":""},"class_list":["post-13939","page","type-page","status-publish","hentry"],"_links":{"self":[{"href":"https:\/\/test.isla-web.es\/en\/wp-json\/wp\/v2\/pages\/13939","targetHints":{"allow":["GET"]}}],"collection":[{"href":"https:\/\/test.isla-web.es\/en\/wp-json\/wp\/v2\/pages"}],"about":[{"href":"https:\/\/test.isla-web.es\/en\/wp-json\/wp\/v2\/types\/page"}],"author":[{"embeddable":true,"href":"https:\/\/test.isla-web.es\/en\/wp-json\/wp\/v2\/users\/1"}],"replies":[{"embeddable":true,"href":"https:\/\/test.isla-web.es\/en\/wp-json\/wp\/v2\/comments?post=13939"}],"version-history":[{"count":36,"href":"https:\/\/test.isla-web.es\/en\/wp-json\/wp\/v2\/pages\/13939\/revisions"}],"predecessor-version":[{"id":13984,"href":"https:\/\/test.isla-web.es\/en\/wp-json\/wp\/v2\/pages\/13939\/revisions\/13984"}],"wp:attachment":[{"href":"https:\/\/test.isla-web.es\/en\/wp-json\/wp\/v2\/media?parent=13939"}],"curies":[{"name":"wp","href":"https:\/\/api.w.org\/{rel}","templated":true}]}}