{"id":13700,"date":"2023-09-29T15:12:21","date_gmt":"2023-09-29T15:12:21","guid":{"rendered":"https:\/\/test.isla-web.es\/?page_id=13700"},"modified":"2023-09-29T15:37:10","modified_gmt":"2023-09-29T15:37:10","slug":"inicio-2","status":"publish","type":"page","link":"https:\/\/test.isla-web.es\/en\/","title":{"rendered":"Inicio 2"},"content":{"rendered":"<div data-elementor-type=\"wp-page\" data-elementor-id=\"13700\" class=\"elementor elementor-13700\">\n\t\t\t\t\t\t\t\t\t<section class=\"elementor-section elementor-top-section elementor-element elementor-element-15cced2 elementor-section-full_width hero-home elementor-section-height-min-height elementor-section-height-default elementor-section-items-middle qodef-backgound-letter-holder-no qodef-elementor-content-no\" data-id=\"15cced2\" data-element_type=\"section\">\n\t\t\t\t\t\t<div class=\"elementor-container elementor-column-gap-no\">\n\t\t\t\t\t<div class=\"elementor-column elementor-col-100 elementor-top-column elementor-element elementor-element-1d53308\" data-id=\"1d53308\" data-element_type=\"column\">\n\t\t\t<div class=\"elementor-widget-wrap elementor-element-populated\">\n\t\t\t\t\t\t\t\t<div class=\"elementor-element elementor-element-8925bf7 elementor-widget elementor-widget-video\" data-id=\"8925bf7\" data-element_type=\"widget\" data-settings=\"{&quot;video_type&quot;:&quot;vimeo&quot;,&quot;autoplay&quot;:&quot;yes&quot;,&quot;play_on_mobile&quot;:&quot;yes&quot;,&quot;mute&quot;:&quot;yes&quot;,&quot;loop&quot;:&quot;yes&quot;}\" data-widget_type=\"video.default\">\n\t\t\t\t<div class=\"elementor-widget-container\">\n\t\t\t<style>\/*! elementor - v3.18.0 - 08-12-2023 *\/\n.elementor-widget-video .elementor-widget-container{overflow:hidden;transform:translateZ(0)}.elementor-widget-video .elementor-wrapper{aspect-ratio:var(--video-aspect-ratio)}.elementor-widget-video .elementor-wrapper iframe,.elementor-widget-video .elementor-wrapper video{height:100%;width:100%;display:flex;border:none;background-color:#000}@supports not (aspect-ratio:1\/1){.elementor-widget-video .elementor-wrapper{position:relative;overflow:hidden;height:0;padding-bottom:calc(100% \/ var(--video-aspect-ratio))}.elementor-widget-video .elementor-wrapper iframe,.elementor-widget-video .elementor-wrapper video{position:absolute;top:0;right:0;bottom:0;left:0}}.elementor-widget-video .elementor-open-inline .elementor-custom-embed-image-overlay{position:absolute;top:0;right:0;bottom:0;left:0;background-size:cover;background-position:50%}.elementor-widget-video .elementor-custom-embed-image-overlay{cursor:pointer;text-align:center}.elementor-widget-video .elementor-custom-embed-image-overlay:hover .elementor-custom-embed-play i{opacity:1}.elementor-widget-video .elementor-custom-embed-image-overlay img{display:block;width:100%;aspect-ratio:var(--video-aspect-ratio);-o-object-fit:cover;object-fit:cover;-o-object-position:center center;object-position:center center}@supports not (aspect-ratio:1\/1){.elementor-widget-video .elementor-custom-embed-image-overlay{position:relative;overflow:hidden;height:0;padding-bottom:calc(100% \/ var(--video-aspect-ratio))}.elementor-widget-video .elementor-custom-embed-image-overlay img{position:absolute;top:0;right:0;bottom:0;left:0}}.elementor-widget-video .e-hosted-video .elementor-video{-o-object-fit:cover;object-fit:cover}.e-con-inner>.elementor-widget-video,.e-con>.elementor-widget-video{width:var(--container-widget-width);--flex-grow:var(--container-widget-flex-grow)}<\/style>\t\t<div class=\"elementor-wrapper elementor-open-inline\">\n\t\t\t<iframe class=\"elementor-video-iframe\" allowfullscreen title=\"vimeo Video Player\" src=\"https:\/\/player.vimeo.com\/video\/868295954?autoplay=1&amp;playsinline=1&amp;color&amp;autopause=0&amp;loop=1&amp;muted=1&amp;title=0&amp;portrait=0&amp;byline=0#t=\"><\/iframe>\t\t<\/div>\n\t\t\t\t<\/div>\n\t\t\t\t<\/div>\n\t\t\t\t\t<\/div>\n\t\t<\/div>\n\t\t\t\t\t\t\t<\/div>\n\t\t<\/section>\n\t\t\t\t<section class=\"elementor-section elementor-top-section elementor-element elementor-element-ad79592 elementor-section-full_width elementor-section-height-default elementor-section-height-default qodef-backgound-letter-holder-no qodef-elementor-content-no\" data-id=\"ad79592\" data-element_type=\"section\">\n\t\t\t\t\t\t<div class=\"elementor-container elementor-column-gap-default\">\n\t\t\t\t\t<div class=\"elementor-column elementor-col-100 elementor-top-column elementor-element elementor-element-b696e50\" data-id=\"b696e50\" data-element_type=\"column\">\n\t\t\t<div class=\"elementor-widget-wrap elementor-element-populated\">\n\t\t\t\t\t\t\t\t<div class=\"elementor-element elementor-element-0abbd82 elementor-widget elementor-widget-laurits_core_team_list\" data-id=\"0abbd82\" data-element_type=\"widget\" data-widget_type=\"laurits_core_team_list.default\">\n\t\t\t\t<div class=\"elementor-widget-container\">\n\t\t\t<div class=\"qodef-shortcode qodef-m  qodef-team-list qodef-item-layout--info-below qodef-item-border--yes qodef-side-border--off qodef-grid qodef-layout--columns  qodef-gutter--no qodef-col-num--3 qodef-item-layout--info-below qodef--no-bottom-space qodef-pagination--off qodef-responsive--custom qodef-col-num--1440--3 qodef-col-num--1366--3 qodef-col-num--1024--2 qodef-col-num--768--2 qodef-col-num--680--1 qodef-col-num--480--1\" data-options=\"{&quot;plugin&quot;:&quot;laurits_core&quot;,&quot;module&quot;:&quot;post-types\\\/team\\\/shortcodes&quot;,&quot;shortcode&quot;:&quot;team-list&quot;,&quot;post_type&quot;:&quot;team&quot;,&quot;next_page&quot;:&quot;2&quot;,&quot;max_pages_num&quot;:0,&quot;behavior&quot;:&quot;columns&quot;,&quot;images_proportion&quot;:&quot;full&quot;,&quot;columns&quot;:&quot;3&quot;,&quot;columns_responsive&quot;:&quot;custom&quot;,&quot;columns_1440&quot;:&quot;3&quot;,&quot;columns_1366&quot;:&quot;3&quot;,&quot;columns_1024&quot;:&quot;2&quot;,&quot;columns_768&quot;:&quot;2&quot;,&quot;columns_680&quot;:&quot;1&quot;,&quot;columns_480&quot;:&quot;1&quot;,&quot;space&quot;:&quot;no&quot;,&quot;display_item_border&quot;:&quot;yes&quot;,&quot;remove_side_borders&quot;:&quot;yes&quot;,&quot;posts_per_page&quot;:&quot;-1&quot;,&quot;orderby&quot;:&quot;date&quot;,&quot;order&quot;:&quot;ASC&quot;,&quot;additional_params&quot;:&quot;tax&quot;,&quot;tax&quot;:&quot;team-category&quot;,&quot;tax_slug&quot;:&quot;Designer&quot;,&quot;layout&quot;:&quot;info-below&quot;,&quot;title_tag&quot;:&quot;h4&quot;,&quot;pagination_type&quot;:&quot;no-pagination&quot;,&quot;object_class_name&quot;:&quot;LauritsCore_Team_List_Shortcode&quot;,&quot;taxonomy_filter&quot;:&quot;team-category&quot;,&quot;additional_query_args&quot;:{&quot;tax_query&quot;:[{&quot;taxonomy&quot;:&quot;team-category&quot;,&quot;field&quot;:&quot;slug&quot;,&quot;terms&quot;:&quot;Designer&quot;}]},&quot;item_classes&quot;:&quot;qodef-e qodef-grid-item&quot;,&quot;space_value&quot;:0}\">\n\t\t<div class=\"qodef-grid-inner clear\">\n\t\t<div class=\"qodef-e qodef-grid-item post-13162 team type-team status-publish has-post-thumbnail hentry team-category-designer\">\n\t<div class=\"qodef-e-inner\">\n\t\t<div class=\"qodef-e-image\">\n\t\t\t\t<div class=\"qodef-e-media-image\">\n\t\t\t\t\t<img fetchpriority=\"high\" decoding=\"async\" width=\"700\" height=\"455\" src=\"https:\/\/test.isla-web.es\/wp-content\/uploads\/2023\/09\/isla_solo-houses.jpg\" class=\"attachment-full size-full wp-post-image\" alt=\"Isla - Solo Houses\" srcset=\"https:\/\/test.isla-web.es\/wp-content\/uploads\/2023\/09\/isla_solo-houses.jpg 700w, https:\/\/test.isla-web.es\/wp-content\/uploads\/2023\/09\/isla_solo-houses-300x195.jpg 300w\" sizes=\"(max-width: 700px) 100vw, 700px\" \/>\t\t\t<\/div>\n\t\t<\/div>\n\t\t<div class=\"qodef-e-content\" >\n\t\t\t<h4 itemprop=\"name\" class=\"qodef-e-title entry-title\" >\n\t\t\tSolo Houses\t<\/h4>\n\t\t\t\t<p class=\"qodef-e-role\">Madrid, Spain<\/p>\n\t\t\t\t\t\t\t<div class=\"qodef-team-member-social-icons\">\n\t\t\t\t\t\t\t\t\t\t\t\t\t<a class=\"qodef-team-member-social-label\" href=\"http:\/\/solo-houses.com\/\" target=\"_blank\">\n\t\t\t\t\t\t<span class=\"qodef-social-label-text\">\n\t\t\t\t\t\t\tWeb Site\t\t\t\t\t\t<\/span>\n\t\t\t\t\t<\/a>\n\t\t\t\t\t\t\t\t\t\t<\/div>\n\t\t<\/div>\n\t<\/div>\n<\/div>\n<div class=\"qodef-e qodef-grid-item post-13306 team type-team status-publish has-post-thumbnail hentry team-category-designer\">\n\t<div class=\"qodef-e-inner\">\n\t\t<div class=\"qodef-e-image\">\n\t\t\t\t<div class=\"qodef-e-media-image\">\n\t\t\t\t\t<img decoding=\"async\" width=\"700\" height=\"455\" src=\"https:\/\/test.isla-web.es\/wp-content\/uploads\/2023\/09\/isla_tres-piedras.jpg\" class=\"attachment-full size-full wp-post-image\" alt=\"Isla - Tres Piedras\" srcset=\"https:\/\/test.isla-web.es\/wp-content\/uploads\/2023\/09\/isla_tres-piedras.jpg 700w, https:\/\/test.isla-web.es\/wp-content\/uploads\/2023\/09\/isla_tres-piedras-300x195.jpg 300w\" sizes=\"(max-width: 700px) 100vw, 700px\" \/>\t\t\t<\/div>\n\t\t<\/div>\n\t\t<div class=\"qodef-e-content\" >\n\t\t\t<h4 itemprop=\"name\" class=\"qodef-e-title entry-title\" >\n\t\t\t3 Piedras\t<\/h4>\n\t\t\t\t<p class=\"qodef-e-role\">Huesca, Spain<\/p>\n\t\t\t\t\t\t\t<div class=\"qodef-team-member-social-icons\">\n\t\t\t\t\t\t\t\t\t\t\t\t\t<a class=\"qodef-team-member-social-label\" href=\"https:\/\/3piedras.org\/\" target=\"_blank\">\n\t\t\t\t\t\t<span class=\"qodef-social-label-text\">\n\t\t\t\t\t\t\tWeb Site\t\t\t\t\t\t<\/span>\n\t\t\t\t\t<\/a>\n\t\t\t\t\t\t\t\t\t\t<\/div>\n\t\t<\/div>\n\t<\/div>\n<\/div>\n<div class=\"qodef-e qodef-grid-item post-13307 team type-team status-publish has-post-thumbnail hentry team-category-designer\">\n\t<div class=\"qodef-e-inner\">\n\t\t<div class=\"qodef-e-image\">\n\t\t\t\t<div class=\"qodef-e-media-image\">\n\t\t\t\t\t<img decoding=\"async\" width=\"700\" height=\"455\" src=\"https:\/\/test.isla-web.es\/wp-content\/uploads\/2023\/09\/isla_casa-kancha.jpg\" class=\"attachment-full size-full wp-post-image\" alt=\"Isla - Casa Kancha\" srcset=\"https:\/\/test.isla-web.es\/wp-content\/uploads\/2023\/09\/isla_casa-kancha.jpg 700w, https:\/\/test.isla-web.es\/wp-content\/uploads\/2023\/09\/isla_casa-kancha-300x195.jpg 300w\" sizes=\"(max-width: 700px) 100vw, 700px\" \/>\t\t\t<\/div>\n\t\t<\/div>\n\t\t<div class=\"qodef-e-content\" >\n\t\t\t<h4 itemprop=\"name\" class=\"qodef-e-title entry-title\" >\n\t\t\tCasa Kancha\t<\/h4>\n\t\t\t\t<p class=\"qodef-e-role\">Patagonia, Chile<\/p>\n\t\t\t\t\t\t\t<div class=\"qodef-team-member-social-icons\">\n\t\t\t\t\t\t\t\t\t\t\t\t\t<a class=\"qodef-team-member-social-label\" href=\"https:\/\/maps.app.goo.gl\/bP8DnQtDPCAEWSxJ6\" target=\"_blank\">\n\t\t\t\t\t\t<span class=\"qodef-social-label-text\">\n\t\t\t\t\t\t\tMap\t\t\t\t\t\t<\/span>\n\t\t\t\t\t<\/a>\n\t\t\t\t\t\t\t\t\t\t<\/div>\n\t\t<\/div>\n\t<\/div>\n<\/div>\n<div class=\"qodef-e qodef-grid-item post-13308 team type-team status-publish has-post-thumbnail hentry team-category-designer\">\n\t<div class=\"qodef-e-inner\">\n\t\t<div class=\"qodef-e-image\">\n\t\t\t\t<div class=\"qodef-e-media-image\">\n\t\t\t\t\t<img loading=\"lazy\" decoding=\"async\" width=\"700\" height=\"455\" src=\"https:\/\/test.isla-web.es\/wp-content\/uploads\/2023\/09\/isla_pi-art-fest.jpg\" class=\"attachment-full size-full wp-post-image\" alt=\"Isla - Pi Art Fest\" srcset=\"https:\/\/test.isla-web.es\/wp-content\/uploads\/2023\/09\/isla_pi-art-fest.jpg 700w, https:\/\/test.isla-web.es\/wp-content\/uploads\/2023\/09\/isla_pi-art-fest-300x195.jpg 300w\" sizes=\"(max-width: 700px) 100vw, 700px\" \/>\t\t\t<\/div>\n\t\t<\/div>\n\t\t<div class=\"qodef-e-content\" >\n\t\t\t<h4 itemprop=\"name\" class=\"qodef-e-title entry-title\" >\n\t\t\tPi Art Fest\t<\/h4>\n\t\t\t\t<p class=\"qodef-e-role\">Punta Islita, Costa Rica<\/p>\n\t\t\t\t\t\t\t<div class=\"qodef-team-member-social-icons\">\n\t\t\t\t\t\t\t\t\t\t\t\t\t<a class=\"qodef-team-member-social-label\" href=\"https:\/\/piartfestival.com\/\" target=\"_blank\">\n\t\t\t\t\t\t<span class=\"qodef-social-label-text\">\n\t\t\t\t\t\t\tWeb Site\t\t\t\t\t\t<\/span>\n\t\t\t\t\t<\/a>\n\t\t\t\t\t\t\t\t\t\t<\/div>\n\t\t<\/div>\n\t<\/div>\n<\/div>\n<div class=\"qodef-e qodef-grid-item post-13309 team type-team status-publish has-post-thumbnail hentry team-category-designer\">\n\t<div class=\"qodef-e-inner\">\n\t\t<div class=\"qodef-e-image\">\n\t\t\t\t<div class=\"qodef-e-media-image\">\n\t\t\t\t\t<img loading=\"lazy\" decoding=\"async\" width=\"700\" height=\"455\" src=\"https:\/\/test.isla-web.es\/wp-content\/uploads\/2023\/09\/isla_fundacion-diaz-caneja.jpg\" class=\"attachment-full size-full wp-post-image\" alt=\"Isla - Fundaci\u00f3n D\u00edaz Caneja\" srcset=\"https:\/\/test.isla-web.es\/wp-content\/uploads\/2023\/09\/isla_fundacion-diaz-caneja.jpg 700w, https:\/\/test.isla-web.es\/wp-content\/uploads\/2023\/09\/isla_fundacion-diaz-caneja-300x195.jpg 300w\" sizes=\"(max-width: 700px) 100vw, 700px\" \/>\t\t\t<\/div>\n\t\t<\/div>\n\t\t<div class=\"qodef-e-content\" >\n\t\t\t<h4 itemprop=\"name\" class=\"qodef-e-title entry-title\" >\n\t\t\tFundaci\u00f3n D\u00edaz-Caneja\t<\/h4>\n\t\t\t\t<p class=\"qodef-e-role\">Palencia, Spain<\/p>\n\t\t\t\t\t\t\t<div class=\"qodef-team-member-social-icons\">\n\t\t\t\t\t\t\t\t\t\t\t\t\t<a class=\"qodef-team-member-social-label\" href=\"https:\/\/diaz-caneja.org\/\" target=\"_blank\">\n\t\t\t\t\t\t<span class=\"qodef-social-label-text\">\n\t\t\t\t\t\t\tWeb Site\t\t\t\t\t\t<\/span>\n\t\t\t\t\t<\/a>\n\t\t\t\t\t\t\t\t\t\t<\/div>\n\t\t<\/div>\n\t<\/div>\n<\/div>\n<div class=\"qodef-e qodef-grid-item post-13310 team type-team status-publish has-post-thumbnail hentry team-category-designer\">\n\t<div class=\"qodef-e-inner\">\n\t\t<div class=\"qodef-e-image\">\n\t\t\t\t<div class=\"qodef-e-media-image\">\n\t\t\t\t\t<img loading=\"lazy\" decoding=\"async\" width=\"700\" height=\"455\" src=\"https:\/\/test.isla-web.es\/wp-content\/uploads\/2023\/09\/isla_asociacion-vellmari.jpg\" class=\"attachment-full size-full wp-post-image\" alt=\"Isla - Asociacion Vellmari\" srcset=\"https:\/\/test.isla-web.es\/wp-content\/uploads\/2023\/09\/isla_asociacion-vellmari.jpg 700w, https:\/\/test.isla-web.es\/wp-content\/uploads\/2023\/09\/isla_asociacion-vellmari-300x195.jpg 300w\" sizes=\"(max-width: 700px) 100vw, 700px\" \/>\t\t\t<\/div>\n\t\t<\/div>\n\t\t<div class=\"qodef-e-content\" >\n\t\t\t<h4 itemprop=\"name\" class=\"qodef-e-title entry-title\" >\n\t\t\tAsociaci\u00f3n Vellmari\t<\/h4>\n\t\t\t\t<p class=\"qodef-e-role\">Formentera, Spain<\/p>\n\t\t\t\t\t\t\t<div class=\"qodef-team-member-social-icons\">\n\t\t\t\t\t\t\t\t\t\t\t\t\t<a class=\"qodef-team-member-social-label\" href=\"http:\/\/asociacionvellmari.com\/\" target=\"_blank\">\n\t\t\t\t\t\t<span class=\"qodef-social-label-text\">\n\t\t\t\t\t\t\tWeb Site\t\t\t\t\t\t<\/span>\n\t\t\t\t\t<\/a>\n\t\t\t\t\t\t\t\t\t\t<\/div>\n\t\t<\/div>\n\t<\/div>\n<\/div>\n\t<\/div>\n\t<\/div>\n\t\t<\/div>\n\t\t\t\t<\/div>\n\t\t\t\t\t<\/div>\n\t\t<\/div>\n\t\t\t\t\t\t\t<\/div>\n\t\t<\/section>\n\t\t\t\t<section class=\"elementor-section elementor-top-section elementor-element elementor-element-bf19376 elementor-section-full_width elementor-hidden-mobile elementor-section-height-default elementor-section-height-default qodef-backgound-letter-holder-no qodef-elementor-content-no\" data-id=\"bf19376\" data-element_type=\"section\">\n\t\t\t\t\t\t<div class=\"elementor-container elementor-column-gap-no\">\n\t\t\t\t\t<div class=\"elementor-column elementor-col-100 elementor-top-column elementor-element elementor-element-9df256d\" data-id=\"9df256d\" data-element_type=\"column\">\n\t\t\t<div class=\"elementor-widget-wrap elementor-element-populated\">\n\t\t\t\t\t\t\t\t<div class=\"elementor-element elementor-element-a756ff0 elementor-absolute elementor-widget elementor-widget-laurits_core_single_image\" data-id=\"a756ff0\" data-element_type=\"widget\" data-settings=\"{&quot;_position&quot;:&quot;absolute&quot;}\" data-widget_type=\"laurits_core_single_image.default\">\n\t\t\t\t<div class=\"elementor-widget-container\">\n\t\t\t<div class=\"qodef-shortcode qodef-m  qodef-single-image qodef-single-image-422 qodef-layout--default  qodef-appear-animation--no qodef-zoom-scroll-animation--no\" data-appearing-delay=\"0\">\n\t<div class=\"qodef-m-image\">\n\t\t\t\t\t\t\t\t<\/div>\n<\/div>\n\t\t<\/div>\n\t\t\t\t<\/div>\n\t\t\t\t\t<\/div>\n\t\t<\/div>\n\t\t\t\t\t\t\t<\/div>\n\t\t<\/section>\n\t\t\t\t<section class=\"elementor-section elementor-top-section elementor-element elementor-element-5ff3d5c elementor-section-full_width elementor-section-height-default elementor-section-height-default qodef-backgound-letter-holder-no qodef-elementor-content-no\" data-id=\"5ff3d5c\" data-element_type=\"section\">\n\t\t\t\t\t\t<div class=\"elementor-container elementor-column-gap-default\">\n\t\t\t\t\t<div class=\"elementor-column elementor-col-100 elementor-top-column elementor-element elementor-element-1233193\" data-id=\"1233193\" data-element_type=\"column\">\n\t\t\t<div class=\"elementor-widget-wrap elementor-element-populated\">\n\t\t\t\t\t\t\t\t<div class=\"elementor-element elementor-element-f2627d7 elementor-widget__width-initial elementor-widget elementor-widget-laurits_core_section_title\" data-id=\"f2627d7\" data-element_type=\"widget\" data-widget_type=\"laurits_core_section_title.default\">\n\t\t\t\t<div class=\"elementor-widget-container\">\n\t\t\t<div class=\"qodef-shortcode qodef-m  qodef-section-title qodef-alignment--center qodef-title-break--disabled qodef-appear-animation--no\">\n\t\t<span class=\"qodef-m-tagline\" >Newsletter<\/span>\n\t\t<h3 class=\"qodef-m-title\" >\n\t\t\t\t\tGet up to date<br \/> with our news\t\t\t<\/h3>\n\t\t\t<div class=\"qodef-m-button\">\n\t\t\t<\/div>\n<\/div>\n\t\t<\/div>\n\t\t\t\t<\/div>\n\t\t\t\t\t<\/div>\n\t\t<\/div>\n\t\t\t\t\t\t\t<\/div>\n\t\t<\/section>\n\t\t\t\t<section class=\"elementor-section elementor-top-section elementor-element elementor-element-66728e9 elementor-section-boxed elementor-section-height-default elementor-section-height-default qodef-backgound-letter-holder-no qodef-elementor-content-no\" data-id=\"66728e9\" data-element_type=\"section\">\n\t\t\t\t\t\t<div class=\"elementor-container elementor-column-gap-default\">\n\t\t\t\t\t<div class=\"elementor-column elementor-col-100 elementor-top-column elementor-element elementor-element-92599e5\" data-id=\"92599e5\" data-element_type=\"column\">\n\t\t\t<div class=\"elementor-widget-wrap elementor-element-populated\">\n\t\t\t\t\t\t\t\t<div class=\"elementor-element elementor-element-c7c34c6 elementor-widget__width-initial elementor-widget elementor-widget-wp-widget-laurits_core_contact_form_7\" data-id=\"c7c34c6\" data-element_type=\"widget\" data-widget_type=\"wp-widget-laurits_core_contact_form_7.default\">\n\t\t\t\t<div class=\"elementor-widget-container\">\n\t\t\t\t\t\t<div class=\"qodef-contact-form-7\">\n\t\t\t\t\n<div class=\"wpcf7 no-js\" id=\"wpcf7-f13289-o1\" lang=\"en-US\" dir=\"ltr\">\n<div class=\"screen-reader-response\"><p role=\"status\" aria-live=\"polite\" aria-atomic=\"true\"><\/p> <ul><\/ul><\/div>\n<form action=\"\/en\/wp-json\/wp\/v2\/pages\/13700#wpcf7-f13289-o1\" method=\"post\" class=\"wpcf7-form init\" aria-label=\"Contact form\" novalidate=\"novalidate\" data-status=\"init\" data-trp-original-action=\"\/en\/wp-json\/wp\/v2\/pages\/13700#wpcf7-f13289-o1\">\n<div style=\"display: none;\">\n<input type=\"hidden\" name=\"_wpcf7\" value=\"13289\" \/>\n<input type=\"hidden\" name=\"_wpcf7_version\" value=\"5.8.4\" \/>\n<input type=\"hidden\" name=\"_wpcf7_locale\" value=\"en_US\" \/>\n<input type=\"hidden\" name=\"_wpcf7_unit_tag\" value=\"wpcf7-f13289-o1\" \/>\n<input type=\"hidden\" name=\"_wpcf7_container_post\" value=\"0\" \/>\n<input type=\"hidden\" name=\"_wpcf7_posted_data_hash\" value=\"\" \/>\n<\/div>\n<div class=\"qodef-newsletter\"><span class=\"wpcf7-form-control-wrap\" data-name=\"your-email\"><input size=\"40\" class=\"wpcf7-form-control wpcf7-email wpcf7-validates-as-required wpcf7-text wpcf7-validates-as-email\" aria-required=\"true\" aria-invalid=\"false\" placeholder=\"Type your email...\" value=\"\" type=\"email\" name=\"your-email\" \/><\/span><button class=\"wpcf7-form-control wpcf7-submit qodef-button qodef-size--normal qodef-layout--textual qodef-m\" type=\"submit\"><span class=\"qodef-m-text\">Suscribe<\/span><\/button><\/div><div class=\"wpcf7-response-output\" aria-hidden=\"true\"><\/div>\n<input type=\"hidden\" name=\"trp-form-language\" value=\"en\"\/><\/form>\n<\/div>\n\t\t\t<\/div>\n\t\t\t\t\t<\/div>\n\t\t\t\t<\/div>\n\t\t\t\t\t<\/div>\n\t\t<\/div>\n\t\t\t\t\t\t\t<\/div>\n\t\t<\/section>\n\t\t\t\t\t\t\t<\/div>","protected":false},"excerpt":{"rendered":"<p>Solo Houses Madrid, Espa\u00f1a Sitio Web 3 Piedras Huesca, Espa\u00f1a Sitio Web Casa Kancha Patagonia, Chile Mapa Pi Art Fest Punta Islita, Costa Rica Sitio Web Fundaci\u00f3n D\u00edaz-Caneja Madrid, Espa\u00f1a Sitio Web Asociaci\u00f3n Vellmari Formentera, Espa\u00f1a Sitio Web Newsletter Ponte al d\u00eda con nuestras novedades<\/p>","protected":false},"author":1,"featured_media":0,"parent":0,"menu_order":0,"comment_status":"closed","ping_status":"closed","template":"page-full-width.php","meta":{"footnotes":""},"class_list":["post-13700","page","type-page","status-publish","hentry"],"_links":{"self":[{"href":"https:\/\/test.isla-web.es\/en\/wp-json\/wp\/v2\/pages\/13700","targetHints":{"allow":["GET"]}}],"collection":[{"href":"https:\/\/test.isla-web.es\/en\/wp-json\/wp\/v2\/pages"}],"about":[{"href":"https:\/\/test.isla-web.es\/en\/wp-json\/wp\/v2\/types\/page"}],"author":[{"embeddable":true,"href":"https:\/\/test.isla-web.es\/en\/wp-json\/wp\/v2\/users\/1"}],"replies":[{"embeddable":true,"href":"https:\/\/test.isla-web.es\/en\/wp-json\/wp\/v2\/comments?post=13700"}],"version-history":[{"count":20,"href":"https:\/\/test.isla-web.es\/en\/wp-json\/wp\/v2\/pages\/13700\/revisions"}],"predecessor-version":[{"id":13721,"href":"https:\/\/test.isla-web.es\/en\/wp-json\/wp\/v2\/pages\/13700\/revisions\/13721"}],"wp:attachment":[{"href":"https:\/\/test.isla-web.es\/en\/wp-json\/wp\/v2\/media?parent=13700"}],"curies":[{"name":"wp","href":"https:\/\/api.w.org\/{rel}","templated":true}]}}