{"id":13577,"date":"2023-09-28T20:15:31","date_gmt":"2023-09-28T20:15:31","guid":{"rendered":"https:\/\/test.isla-web.es\/?page_id=13577"},"modified":"2023-12-08T22:25:58","modified_gmt":"2023-12-08T22:25:58","slug":"publicaciones","status":"publish","type":"page","link":"https:\/\/test.isla-web.es\/en\/publicaciones","title":{"rendered":"Publications"},"content":{"rendered":"<div data-elementor-type=\"wp-page\" data-elementor-id=\"13577\" class=\"elementor elementor-13577\">\n\t\t\t\t\t\t\t\t\t<section class=\"elementor-section elementor-top-section elementor-element elementor-element-f96c7fc elementor-section-boxed elementor-section-height-default elementor-section-height-default qodef-backgound-letter-holder-no qodef-elementor-content-no\" data-id=\"f96c7fc\" data-element_type=\"section\">\n\t\t\t\t\t\t<div class=\"elementor-container elementor-column-gap-default\">\n\t\t\t\t\t<div class=\"elementor-column elementor-col-100 elementor-top-column elementor-element elementor-element-4132ad0\" data-id=\"4132ad0\" data-element_type=\"column\">\n\t\t\t<div class=\"elementor-widget-wrap elementor-element-populated\">\n\t\t\t\t\t\t\t\t<div class=\"elementor-element elementor-element-0488881 elementor-widget elementor-widget-heading\" data-id=\"0488881\" data-element_type=\"widget\" data-widget_type=\"heading.default\">\n\t\t\t\t<div class=\"elementor-widget-container\">\n\t\t\t<style>\/*! elementor - v3.18.0 - 08-12-2023 *\/\n.elementor-heading-title{padding:0;margin:0;line-height:1}.elementor-widget-heading .elementor-heading-title[class*=elementor-size-]>a{color:inherit;font-size:inherit;line-height:inherit}.elementor-widget-heading .elementor-heading-title.elementor-size-small{font-size:15px}.elementor-widget-heading .elementor-heading-title.elementor-size-medium{font-size:19px}.elementor-widget-heading .elementor-heading-title.elementor-size-large{font-size:29px}.elementor-widget-heading .elementor-heading-title.elementor-size-xl{font-size:39px}.elementor-widget-heading .elementor-heading-title.elementor-size-xxl{font-size:59px}<\/style><h1 class=\"elementor-heading-title elementor-size-default\">Publications<\/h1>\t\t<\/div>\n\t\t\t\t<\/div>\n\t\t\t\t<div class=\"elementor-element elementor-element-90124e5 elementor-widget elementor-widget-laurits_core_blog_list\" data-id=\"90124e5\" data-element_type=\"widget\" data-widget_type=\"laurits_core_blog_list.default\">\n\t\t\t\t<div class=\"elementor-widget-container\">\n\t\t\t<div class=\"qodef-shortcode qodef-m  qodef-blog qodef--list qodef-item-layout--standard qodef-item-border--no qodef-side-border--on  qodef-hover-animation--yes qodef-appear-animation--no qodef-grid qodef-layout--columns  qodef-gutter--huge qodef-col-num--1 qodef-item-layout--standard qodef-pagination--on qodef-pagination-type--standard qodef-responsive--predefined\" data-options=\"{&quot;plugin&quot;:&quot;laurits_core&quot;,&quot;module&quot;:&quot;blog\\\/shortcodes&quot;,&quot;shortcode&quot;:&quot;blog-list&quot;,&quot;post_type&quot;:&quot;post&quot;,&quot;next_page&quot;:&quot;2&quot;,&quot;max_pages_num&quot;:1,&quot;behavior&quot;:&quot;columns&quot;,&quot;images_proportion&quot;:&quot;full&quot;,&quot;columns&quot;:&quot;1&quot;,&quot;columns_responsive&quot;:&quot;predefined&quot;,&quot;space&quot;:&quot;huge&quot;,&quot;posts_per_page&quot;:&quot;4&quot;,&quot;orderby&quot;:&quot;date&quot;,&quot;order&quot;:&quot;ASC&quot;,&quot;additional_params&quot;:&quot;tax&quot;,&quot;tax&quot;:&quot;category&quot;,&quot;tax_slug&quot;:&quot;Publicaciones&quot;,&quot;layout&quot;:&quot;standard&quot;,&quot;title_tag&quot;:&quot;h2&quot;,&quot;enable_category&quot;:&quot;yes&quot;,&quot;display_item_border&quot;:&quot;no&quot;,&quot;remove_side_borders&quot;:&quot;no&quot;,&quot;pagination_type&quot;:&quot;standard&quot;,&quot;show_ordering_filter&quot;:&quot;no&quot;,&quot;hover_animation&quot;:&quot;yes&quot;,&quot;items_appear_animation&quot;:&quot;no&quot;,&quot;object_class_name&quot;:&quot;LauritsCore_Blog_List_Shortcode&quot;,&quot;taxonomy_filter&quot;:&quot;category&quot;,&quot;additional_query_args&quot;:{&quot;tax_query&quot;:[{&quot;taxonomy&quot;:&quot;category&quot;,&quot;field&quot;:&quot;slug&quot;,&quot;terms&quot;:&quot;Publicaciones&quot;}]},&quot;holder_data&quot;:{&quot;data-appearing-delay&quot;:0},&quot;space_value&quot;:35}\" data-appearing-delay=\"0\">\n\t\t<div class=\"qodef-grid-inner clear\">\n\t\t<article class=\"qodef-e qodef-blog-item qodef-grid-item qodef-item--full post-13591 post type-post status-publish format-standard hentry category-publicaciones tag-lifestyle tag-modern\">\n\t<div class=\"qodef-e-inner\">\n\t\t<div class=\"qodef-e-media\">\n\t<\/div>\n\t\t<div class=\"qodef-e-content\">\n\t\t\t<div class=\"qodef-e-top-holder\">\n\t\t\t\t<div class=\"qodef-e-info\">\n\t\t\t\t\t<a itemprop=\"dateCreated\" href=\"https:\/\/test.isla-web.es\/en\/2023\/09\" class=\"\">\n\t<svg xmlns=\"http:\/\/www.w3.org\/2000\/svg\" xmlns:xlink=\"http:\/\/www.w3.org\/1999\/xlink\" width=\"16\" height=\"14\" viewbox=\"0 0 16 14\">\n\t\t<g>\n\t\t\t<rect width=\"16\" height=\"14\"\/>\n\t\t\t<rect x=\"0.5\" y=\"0.5\" width=\"15\" height=\"13\"\/>\n\t\t<\/g>\n\t\t<rect width=\"2\" height=\"2\" transform=\"translate(3 4)\"\/>\n\t\t<rect width=\"2\" height=\"2\" transform=\"translate(3 8)\"\/>\n\t\t<rect width=\"2\" height=\"2\" transform=\"translate(7 4)\"\/>\n\t\t<rect width=\"2\" height=\"2\" transform=\"translate(7 8)\"\/>\n\t\t<rect width=\"2\" height=\"2\" transform=\"translate(11 4)\"\/>\n\t\t<rect width=\"2\" height=\"2\" transform=\"translate(11 8)\"\/>\n\t<\/svg>\n\tSeptember 28, 2023<\/a>\n<div class=\"qodef-info-separator-end\"><\/div>\n\t\t\t\t<\/div>\n\t\t\t<\/div>\n\t\t\t<div class=\"qodef-e-text\">\n\t\t\t\t<h2 itemprop=\"name\" class=\"qodef-e-title entry-title\" >\n\t<a itemprop=\"url\" class=\"qodef-e-title-link\" href=\"https:\/\/test.isla-web.es\/en\/vientos-de-cambio\">\n\t\tVientos de cambio\t<\/a>\n<\/h2>\n\t\t<p itemprop=\"description\" class=\"qodef-e-excerpt\">Transici\u00f3n ecosocial y ecofeminismos. Reflexiones desde la cultura. Con su poder para construir nuevos relatos, las pr\u00e1cticas art\u00edsticas pueden inducir cortocircuitos que apelen<\/p>\n\t\t\t\t<\/div>\n\t\t\t<div class=\"qodef-e-bottom-holder\">\n\t\t\t\t<div class=\"qodef-e-left\">\n\t\t\t\t\t<a href=\"https:\/\/test.isla-web.es\/en\/category\/publicaciones\" rel=\"tag\">Publications<\/a>\t\t\t\t<\/div>\n\t\t\t<\/div>\n\t\t<\/div>\n\t<\/div>\n<\/article>\n<article class=\"qodef-e qodef-blog-item qodef-grid-item qodef-item--full post-13598 post type-post status-publish format-standard hentry category-publicaciones tag-lifestyle tag-modern\">\n\t<div class=\"qodef-e-inner\">\n\t\t<div class=\"qodef-e-media\">\n\t<\/div>\n\t\t<div class=\"qodef-e-content\">\n\t\t\t<div class=\"qodef-e-top-holder\">\n\t\t\t\t<div class=\"qodef-e-info\">\n\t\t\t\t\t<a itemprop=\"dateCreated\" href=\"https:\/\/test.isla-web.es\/en\/2023\/09\" class=\"\">\n\t<svg xmlns=\"http:\/\/www.w3.org\/2000\/svg\" xmlns:xlink=\"http:\/\/www.w3.org\/1999\/xlink\" width=\"16\" height=\"14\" viewbox=\"0 0 16 14\">\n\t\t<g>\n\t\t\t<rect width=\"16\" height=\"14\"\/>\n\t\t\t<rect x=\"0.5\" y=\"0.5\" width=\"15\" height=\"13\"\/>\n\t\t<\/g>\n\t\t<rect width=\"2\" height=\"2\" transform=\"translate(3 4)\"\/>\n\t\t<rect width=\"2\" height=\"2\" transform=\"translate(3 8)\"\/>\n\t\t<rect width=\"2\" height=\"2\" transform=\"translate(7 4)\"\/>\n\t\t<rect width=\"2\" height=\"2\" transform=\"translate(7 8)\"\/>\n\t\t<rect width=\"2\" height=\"2\" transform=\"translate(11 4)\"\/>\n\t\t<rect width=\"2\" height=\"2\" transform=\"translate(11 8)\"\/>\n\t<\/svg>\n\tSeptember 28, 2023<\/a>\n<div class=\"qodef-info-separator-end\"><\/div>\n\t\t\t\t<\/div>\n\t\t\t<\/div>\n\t\t\t<div class=\"qodef-e-text\">\n\t\t\t\t<h2 itemprop=\"name\" class=\"qodef-e-title entry-title\" >\n\t<a itemprop=\"url\" class=\"qodef-e-title-link\" href=\"https:\/\/test.isla-web.es\/en\/apuntes-improvisados-sobre-ecofeminismo\">\n\t\tApuntes improvisados sobre ecofeminismo\t<\/a>\n<\/h2>\n\t\t<p itemprop=\"description\" class=\"qodef-e-excerpt\">Una cuesti\u00f3n de enfoque En l\u00edneas generales, el ecofeminismo hace visibles las conexiones entre la explotaci\u00f3n de las mujeres con las de la naturaleza no humana. El origen del t<\/p>\n\t\t\t\t<\/div>\n\t\t\t<div class=\"qodef-e-bottom-holder\">\n\t\t\t\t<div class=\"qodef-e-left\">\n\t\t\t\t\t<a href=\"https:\/\/test.isla-web.es\/en\/category\/publicaciones\" rel=\"tag\">Publications<\/a>\t\t\t\t<\/div>\n\t\t\t<\/div>\n\t\t<\/div>\n\t<\/div>\n<\/article>\n<article class=\"qodef-e qodef-blog-item qodef-grid-item qodef-item--full post-13600 post type-post status-publish format-standard hentry category-publicaciones tag-bold tag-modern\">\n\t<div class=\"qodef-e-inner\">\n\t\t<div class=\"qodef-e-media\">\n\t<\/div>\n\t\t<div class=\"qodef-e-content\">\n\t\t\t<div class=\"qodef-e-top-holder\">\n\t\t\t\t<div class=\"qodef-e-info\">\n\t\t\t\t\t<a itemprop=\"dateCreated\" href=\"https:\/\/test.isla-web.es\/en\/2023\/09\" class=\"\">\n\t<svg xmlns=\"http:\/\/www.w3.org\/2000\/svg\" xmlns:xlink=\"http:\/\/www.w3.org\/1999\/xlink\" width=\"16\" height=\"14\" viewbox=\"0 0 16 14\">\n\t\t<g>\n\t\t\t<rect width=\"16\" height=\"14\"\/>\n\t\t\t<rect x=\"0.5\" y=\"0.5\" width=\"15\" height=\"13\"\/>\n\t\t<\/g>\n\t\t<rect width=\"2\" height=\"2\" transform=\"translate(3 4)\"\/>\n\t\t<rect width=\"2\" height=\"2\" transform=\"translate(3 8)\"\/>\n\t\t<rect width=\"2\" height=\"2\" transform=\"translate(7 4)\"\/>\n\t\t<rect width=\"2\" height=\"2\" transform=\"translate(7 8)\"\/>\n\t\t<rect width=\"2\" height=\"2\" transform=\"translate(11 4)\"\/>\n\t\t<rect width=\"2\" height=\"2\" transform=\"translate(11 8)\"\/>\n\t<\/svg>\n\tSeptember 28, 2023<\/a>\n<div class=\"qodef-info-separator-end\"><\/div>\n\t\t\t\t<\/div>\n\t\t\t<\/div>\n\t\t\t<div class=\"qodef-e-text\">\n\t\t\t\t<h2 itemprop=\"name\" class=\"qodef-e-title entry-title\" >\n\t<a itemprop=\"url\" class=\"qodef-e-title-link\" href=\"https:\/\/test.isla-web.es\/en\/el-mundo-que-hemos-creado\">\n\t\tEl mundo que hemos creado\t<\/a>\n<\/h2>\n\t\t<p itemprop=\"description\" class=\"qodef-e-excerpt\">Blanca de la Torre El 21 de enero de 2013 The Guardian public\u00f3 una entrevista a Thich Nhat Hanh, monje vietnamita y maestro zen, que afirmaba que solo la compasi\u00f3n y el amor podr<\/p>\n\t\t\t\t<\/div>\n\t\t\t<div class=\"qodef-e-bottom-holder\">\n\t\t\t\t<div class=\"qodef-e-left\">\n\t\t\t\t\t<a href=\"https:\/\/test.isla-web.es\/en\/category\/publicaciones\" rel=\"tag\">Publications<\/a>\t\t\t\t<\/div>\n\t\t\t<\/div>\n\t\t<\/div>\n\t<\/div>\n<\/article>\n<article class=\"qodef-e qodef-blog-item qodef-grid-item qodef-item--full post-13607 post type-post status-publish format-standard hentry category-publicaciones tag-lifestyle tag-modern\">\n\t<div class=\"qodef-e-inner\">\n\t\t<div class=\"qodef-e-media\">\n\t<\/div>\n\t\t<div class=\"qodef-e-content\">\n\t\t\t<div class=\"qodef-e-top-holder\">\n\t\t\t\t<div class=\"qodef-e-info\">\n\t\t\t\t\t<a itemprop=\"dateCreated\" href=\"https:\/\/test.isla-web.es\/en\/2023\/09\" class=\"\">\n\t<svg xmlns=\"http:\/\/www.w3.org\/2000\/svg\" xmlns:xlink=\"http:\/\/www.w3.org\/1999\/xlink\" width=\"16\" height=\"14\" viewbox=\"0 0 16 14\">\n\t\t<g>\n\t\t\t<rect width=\"16\" height=\"14\"\/>\n\t\t\t<rect x=\"0.5\" y=\"0.5\" width=\"15\" height=\"13\"\/>\n\t\t<\/g>\n\t\t<rect width=\"2\" height=\"2\" transform=\"translate(3 4)\"\/>\n\t\t<rect width=\"2\" height=\"2\" transform=\"translate(3 8)\"\/>\n\t\t<rect width=\"2\" height=\"2\" transform=\"translate(7 4)\"\/>\n\t\t<rect width=\"2\" height=\"2\" transform=\"translate(7 8)\"\/>\n\t\t<rect width=\"2\" height=\"2\" transform=\"translate(11 4)\"\/>\n\t\t<rect width=\"2\" height=\"2\" transform=\"translate(11 8)\"\/>\n\t<\/svg>\n\tSeptember 28, 2023<\/a>\n<div class=\"qodef-info-separator-end\"><\/div>\n\t\t\t\t<\/div>\n\t\t\t<\/div>\n\t\t\t<div class=\"qodef-e-text\">\n\t\t\t\t<h2 itemprop=\"name\" class=\"qodef-e-title entry-title\" >\n\t<a itemprop=\"url\" class=\"qodef-e-title-link\" href=\"https:\/\/test.isla-web.es\/en\/la-semilla-como-materia-politica\">\n\t\tLa semilla como materia pol\u00edtica\t<\/a>\n<\/h2>\n\t\t<p itemprop=\"description\" class=\"qodef-e-excerpt\">Blanca de la Torre Son numerosos los artistas que desde hace tiempo han tomado como punto de partida de su trabajo la semilla, un material donde confluyen ciencia y legalidad, \u00e9ti<\/p>\n\t\t\t\t<\/div>\n\t\t\t<div class=\"qodef-e-bottom-holder\">\n\t\t\t\t<div class=\"qodef-e-left\">\n\t\t\t\t\t<a href=\"https:\/\/test.isla-web.es\/en\/category\/publicaciones\" rel=\"tag\">Publications<\/a>\t\t\t\t<\/div>\n\t\t\t<\/div>\n\t\t<\/div>\n\t<\/div>\n<\/article>\n\t<\/div>\n\t<\/div>\n\t\t<\/div>\n\t\t\t\t<\/div>\n\t\t\t\t\t<\/div>\n\t\t<\/div>\n\t\t\t\t\t\t\t<\/div>\n\t\t<\/section>\n\t\t\t\t\t\t\t<\/div>","protected":false},"excerpt":{"rendered":"<p>Publicaciones septiembre 28, 2023 Vientos de cambio Transici\u00f3n ecosocial y ecofeminismos. Reflexiones desde la cultura. Con su poder para construir nuevos relatos, las pr\u00e1cticas art\u00edsticas pueden inducir cortocircuitos que apelen Publicaciones septiembre 28, 2023 Apuntes improvisados sobre ecofeminismo Una cuesti\u00f3n de enfoque En l\u00edneas generales, el ecofeminismo hace visibles las conexiones entre la explotaci\u00f3n de [&hellip;]<\/p>","protected":false},"author":1,"featured_media":0,"parent":0,"menu_order":0,"comment_status":"closed","ping_status":"closed","template":"","meta":{"footnotes":""},"class_list":["post-13577","page","type-page","status-publish","hentry"],"_links":{"self":[{"href":"https:\/\/test.isla-web.es\/en\/wp-json\/wp\/v2\/pages\/13577","targetHints":{"allow":["GET"]}}],"collection":[{"href":"https:\/\/test.isla-web.es\/en\/wp-json\/wp\/v2\/pages"}],"about":[{"href":"https:\/\/test.isla-web.es\/en\/wp-json\/wp\/v2\/types\/page"}],"author":[{"embeddable":true,"href":"https:\/\/test.isla-web.es\/en\/wp-json\/wp\/v2\/users\/1"}],"replies":[{"embeddable":true,"href":"https:\/\/test.isla-web.es\/en\/wp-json\/wp\/v2\/comments?post=13577"}],"version-history":[{"count":33,"href":"https:\/\/test.isla-web.es\/en\/wp-json\/wp\/v2\/pages\/13577\/revisions"}],"predecessor-version":[{"id":13902,"href":"https:\/\/test.isla-web.es\/en\/wp-json\/wp\/v2\/pages\/13577\/revisions\/13902"}],"wp:attachment":[{"href":"https:\/\/test.isla-web.es\/en\/wp-json\/wp\/v2\/media?parent=13577"}],"curies":[{"name":"wp","href":"https:\/\/api.w.org\/{rel}","templated":true}]}}